{"id":772,"date":"2018-08-31T12:39:21","date_gmt":"2018-08-31T15:39:21","guid":{"rendered":"https:\/\/liceo-lpa.infd.edu.ar\/sitio\/el-instituto\/"},"modified":"2018-08-31T19:20:17","modified_gmt":"2018-08-31T22:20:17","slug":"el-instituto","status":"publish","type":"page","link":"https:\/\/liceo-lpa.infd.edu.ar\/sitio\/el-instituto\/","title":{"rendered":"El Instituto"},"content":{"rendered":"<p class=\"subtitulo\"><span style=\"font-family: arial,helvetica,sans-serif; font-size: 10pt;\">Nombre de la Organizaci\u00f3n: <strong>Complejo Educativo Colegio Universitario Liceo Inform\u00e1tico II \u2013 Ciudad Educativa.<\/strong><\/span><\/p>\n<p class=\"subtitulo\"><span style=\"font-family: arial,helvetica,sans-serif; font-size: 10pt;\">Sigla de la Organizaci\u00f3n o nombre reducido: <strong>LICEO INFORM\u00c1TICO<\/strong><\/span><\/p>\n<p class=\"subtitulo\"><strong>D<span style=\"font-family: arial,helvetica,sans-serif;\">omicilio<\/span><\/strong><span style=\"font-family: arial,helvetica,sans-serif;\">:<\/span><\/p>\n<p><span style=\"font-family: arial,helvetica,sans-serif;\">Calle: Avda. Ameghino N\u00ba 865<\/span><br \/>\n<span style=\"font-family: arial,helvetica,sans-serif;\"> Piso: P.B.<\/span><br \/>\n<span style=\"font-family: arial,helvetica,sans-serif;\"> Cod. Postal: 6300<\/span><br \/>\n<span style=\"font-family: arial,helvetica,sans-serif;\"> Localidad: Santa Rosa (L.P.) <\/span><br \/>\n<span style=\"font-family: arial,helvetica,sans-serif;\"> Municipio: Santa Rosa<\/span><br \/>\n<span style=\"font-family: arial,helvetica,sans-serif;\"> Departamento: Capital <\/span><br \/>\n<span style=\"font-family: arial,helvetica,sans-serif;\"> Provincia: La Pampa<\/span><br \/>\n<span style=\"font-family: arial,helvetica,sans-serif;\"> Tel\u00e9fonos: 02954 \u2013 415777 \/ 412555,<\/span><br \/>\n<span style=\"font-family: arial,helvetica,sans-serif; font-size: 10pt;\">Fax: 02954- 415777<strong><br \/>\nCorreo Electr\u00f3nico:\u00a0<a href=\"mailto:informes_liceo@yahoo.com.ar\">informes_liceo@yahoo.com.ar<\/a><\/strong><\/span><\/p>\n<p class=\"cuerpo\"><span style=\"font-family: arial,helvetica,sans-serif; font-size: 10pt;\"><strong>Datos de los Responsables<\/strong>:<\/span><\/p>\n<p class=\"cuerpo\"><span style=\"font-family: arial,helvetica,sans-serif; font-size: 10pt;\">Rectora Colegio Universitario Liceo Inform\u00e1tico II \u2013 Dra.\u00a0<\/span><span style=\"font-family: arial,helvetica,sans-serif; font-size: 10pt;\">Lilia Ester Armando<\/span><\/p>\n<p class=\"cuerpo\"><span style=\"font-family: arial,helvetica,sans-serif; font-size: 10pt;\">Coordinadora de Nivel Superior: Ing. Olena Zaporojets<\/span><\/p>\n<p class=\"cuerpo\"><span style=\"font-family: arial,helvetica,sans-serif; font-size: 10pt;\">Coordinadora de Nivel Secundario: Prof. Paola Frontoni<\/span><\/p>\n<p class=\"subtitulo\"><span style=\"font-family: arial,helvetica,sans-serif; font-size: 10pt;\"><strong>Objetivos de la Organizaci\u00f3n<\/strong>: [Prioritarios]<\/span><\/p>\n<p class=\"cuerpo\"><span style=\"font-family: arial,helvetica,sans-serif; font-size: 10pt;\">Colegio Universitario Liceo Inform\u00e1tico II: Formaci\u00f3n de individuos conscientes, cr\u00edticos y reflexivos, con conocimientos, capacidades y competencias que les permitan apropiarse de la realidad para transformarla y transformarse. Promover la alfabetizaci\u00f3n funcional e inform\u00e1tica, la actitud solidaria y la formaci\u00f3n de calidad, tanto en los niveles EGB3 y Polimodal cuanto en el Nivel Superior, con alto grado de interacci\u00f3n e integraci\u00f3n con Universidades, Empresas y ONGs.<\/span><\/p>\n<p class=\"subtitulo\"><span style=\"font-family: arial,helvetica,sans-serif; font-size: 10pt;\"><strong>Breve descripci\u00f3n hist\u00f3rica de la Instituci\u00f3n<\/strong>:<\/span><\/p>\n<p class=\"cuerpo\"><span style=\"font-family: arial,helvetica,sans-serif; font-size: 10pt;\">Colegio Universitario Liceo Inform\u00e1tico II: Fundado en 1992, con el objetivo de desarrollar actividades acad\u00e9micas incorporadas a la ense\u00f1anza oficial tendientes a la inclusi\u00f3n de ni\u00f1os y adolescentes en programas de estudio oficiales para su construcci\u00f3n personal, formaci\u00f3n y desarrollo en aras de la transformaci\u00f3n individual y social; al desarrollo de programas de capacitaci\u00f3n laboral; trabajo de recuperaci\u00f3n de alumnos con dificultades de aprendizaje, de conducta, etc.; trabajo para el desarrollo intelectual de discapacitados leves y moderados, mediante la utilizaci\u00f3n de nuevas tecnolog\u00edas de la informaci\u00f3n y las comunicaciones. Adem\u00e1s de las actividades acad\u00e9micas oficiales (Nivel Secundario, ISFD \u2013 Profesorado de Educaci\u00f3n Secundaria en Tecnolog\u00edas y Profesorado de Educaci\u00f3n Secundaria en Ciencia Pol\u00edtica \u2013 Carreras superiores en Sistemas, Gesti\u00f3n de Empresas, Ciencia Pol\u00edtica, todas con articulaci\u00f3n universitaria -Universidad Abierta Interamericana \/ Universidad de Mor\u00f3n-), est\u00e1 vinculado por pasant\u00edas con distintas instituciones y empresas pampeanas, y desarrolla actividades con menores en riesgo, con otras escuelas del medio y la provincia, intercambios acad\u00e9micos, pasant\u00edas laborales, proyectos solidarios, etc.-<\/span><\/p>\n<p class=\"subtitulo\"><span style=\"font-family: arial,helvetica,sans-serif; font-size: 10pt;\"><strong>Nivel de Formalizaci\u00f3n de la organizaci\u00f3n<\/strong>:<\/span><\/p>\n<p class=\"cuerpo\"><span style=\"font-family: arial,helvetica,sans-serif; font-size: 10pt;\">Incorporaci\u00f3n a la Ense\u00f1anza Oficial Nro.: S\/15 A\u00f1o: 1993 (prov.); 413\/94, 1994 (def.)<\/span><\/p>\n<p class=\"cuerpo\"><span style=\"font-family: arial,helvetica,sans-serif; font-size: 10pt;\">Organismo que otorg\u00f3 la incorporaci\u00f3n: Ministerio de Educaci\u00f3n de la Provincia de La Pampa<\/span><\/p>\n<p class=\"cuerpo\"><span style=\"font-family: arial,helvetica,sans-serif; font-size: 10pt;\">Registro de Colegio Universitario Nro.: Res. 341\/99 A\u00f1o: 1999<\/span><\/p>\n<p class=\"cuerpo\"><span style=\"font-family: arial,helvetica,sans-serif; font-size: 10pt;\">Organismo que otorg\u00f3 el registro: Ministerio de Educaci\u00f3n de la Naci\u00f3n<\/span><\/p>\n<p class=\"subtitulo\"><span style=\"font-family: arial,helvetica,sans-serif; font-size: 10pt;\"><strong>Tipo de Organizaci\u00f3n<\/strong>:<\/span><\/p>\n<p class=\"cuerpo\"><span style=\"font-family: arial,helvetica,sans-serif; font-size: 10pt;\">Colegio Universitario Liceo Inform\u00e1tico II: Inst. Unip.<\/span><\/p>\n<p class=\"subtitulo\"><span style=\"font-family: arial,helvetica,sans-serif; font-size: 10pt;\"><strong>Lugar y fecha de inicio de actividades<\/strong>:<\/span><\/p>\n<p class=\"cuerpo\"><span style=\"font-family: arial,helvetica,sans-serif; font-size: 10pt;\">Colegio Universitario Liceo Inform\u00e1tico II: Santa Rosa, 1\u00ba Marzo 1992<\/span><\/p>\n","protected":false},"excerpt":{"rendered":"<p>Nombre de la Organizaci\u00f3n: Complejo Educativo Colegio Universitario Liceo Inform\u00e1tico II \u2013 Ciudad Educativa. Sigla de la Organizaci\u00f3n o nombre reducido: LICEO INFORM\u00c1TICO Domicilio: Calle: Avda. Ameghino N\u00ba 865 Piso: P.B. Cod. Postal: 6300 Localidad: Santa Rosa (L.P.) Municipio: Santa Rosa Departamento: Capital Provincia: La Pampa Tel\u00e9fonos: 02954 \u2013 415777 \/ 412555, Fax: 02954- 415777 &#8230; <a title=\"El Instituto\" class=\"read-more\" href=\"https:\/\/liceo-lpa.infd.edu.ar\/sitio\/el-instituto\/\" aria-label=\"More on El Instituto\">[+]<\/a><\/p>\n","protected":false},"author":991,"featured_media":0,"parent":0,"menu_order":0,"comment_status":"closed","ping_status":"closed","template":"","meta":[],"acf":[],"_links":{"self":[{"href":"https:\/\/liceo-lpa.infd.edu.ar\/sitio\/wp-json\/wp\/v2\/pages\/772"}],"collection":[{"href":"https:\/\/liceo-lpa.infd.edu.ar\/sitio\/wp-json\/wp\/v2\/pages"}],"about":[{"href":"https:\/\/liceo-lpa.infd.edu.ar\/sitio\/wp-json\/wp\/v2\/types\/page"}],"author":[{"embeddable":true,"href":"https:\/\/liceo-lpa.infd.edu.ar\/sitio\/wp-json\/wp\/v2\/users\/991"}],"replies":[{"embeddable":true,"href":"https:\/\/liceo-lpa.infd.edu.ar\/sitio\/wp-json\/wp\/v2\/comments?post=772"}],"version-history":[{"count":5,"href":"https:\/\/liceo-lpa.infd.edu.ar\/sitio\/wp-json\/wp\/v2\/pages\/772\/revisions"}],"predecessor-version":[{"id":829,"href":"https:\/\/liceo-lpa.infd.edu.ar\/sitio\/wp-json\/wp\/v2\/pages\/772\/revisions\/829"}],"wp:attachment":[{"href":"https:\/\/liceo-lpa.infd.edu.ar\/sitio\/wp-json\/wp\/v2\/media?parent=772"}],"curies":[{"name":"wp","href":"https:\/\/api.w.org\/{rel}","templated":true}]}}