{"id":286,"date":"2016-10-31T13:17:59","date_gmt":"2016-10-31T16:17:59","guid":{"rendered":"https:\/\/liceo-lpa.infd.edu.ar\/sitio\/?page_id=286"},"modified":"2018-08-31T16:45:25","modified_gmt":"2018-08-31T19:45:25","slug":"inicio","status":"publish","type":"page","link":"https:\/\/liceo-lpa.infd.edu.ar\/sitio\/","title":{"rendered":"Inicio"},"content":{"rendered":"<div id=\"metaslider-id-403\" style=\"width: 100%;\" class=\"ml-slider-3-33-0 metaslider metaslider-flex metaslider-403 ml-slider ms-theme-default\" role=\"region\" aria-roledescription=\"Slideshow\" aria-label=\"Slideshow\">\n    <div id=\"metaslider_container_403\">\n        <div id=\"metaslider_403\" class=\"flexslider\">\n            <ul aria-live=\"polite\" class=\"slides\">\n                <li style=\"display: block; width: 100%;\" class=\"slide-607 ms-image\" aria-roledescription=\"slide\" aria-label=\"slide-607\"><a href=\"https:\/\/mapa.infd.edu.ar\/\" target=\"_blank\"><img src=\"https:\/\/liceo-lpa.infd.edu.ar\/sitio\/wp-content\/uploads\/2018\/06\/mapa_infd6-1100x200.png\" height=\"200\" width=\"1100\" alt=\"\" class=\"slider-403 slide-607\" title=\"mapa_infd6\" \/><\/a><\/li>\n                <li style=\"display: none; width: 100%;\" class=\"slide-609 ms-image\" aria-roledescription=\"slide\" aria-label=\"slide-609\"><a href=\"https:\/\/www.argentina.gob.ar\/educacion\/becas\" target=\"_blank\"><img src=\"https:\/\/liceo-lpa.infd.edu.ar\/sitio\/wp-content\/uploads\/2018\/06\/becas7-1100x200.png\" height=\"200\" width=\"1100\" alt=\"\" class=\"slider-403 slide-609\" title=\"becas7\" \/><\/a><\/li>\n                <li style=\"display: none; width: 100%;\" class=\"slide-635 ms-image\" aria-roledescription=\"slide\" aria-label=\"slide-635\"><a href=\"https:\/\/www.argentina.gob.ar\/tema\/estudiar\/formacion-docencia\" target=\"_blank\"><img src=\"https:\/\/liceo-lpa.infd.edu.ar\/sitio\/wp-content\/uploads\/2018\/06\/convocatorias_slide6-1-1100x200.png\" height=\"200\" width=\"1100\" alt=\"\" class=\"slider-403 slide-635\" title=\"convocatorias_slide6-1\" \/><\/a><\/li>\n            <\/ul>\n        <\/div>\n        \n    <\/div>\n<\/div>\n<table id=\"table1\" style=\"width: 100%;\" border=\"1\" cellspacing=\"0\" cellpadding=\"10\" align=\"center\">\n<tbody>\n<tr>\n<td style=\"border: 1px solid;\"><img decoding=\"async\" loading=\"lazy\" class=\"\" style=\"display: block; margin-left: auto; margin-right: auto;\" src=\"https:\/\/liceo-lpa.infd.edu.ar\/sitio\/wp-content\/uploads\/2018\/08\/LiceoFrenteChica.jpg\" width=\"685\" height=\"459\" border=\"0\" \/><\/p>\n<p><strong><em>Nuestro Instituto de Formaci\u00f3n Docente comenz\u00f3 a funcionar en el a\u00f1o 2000, con la incorporaci\u00f3n de dos Profesorados para el Nivel Medio: en Tecnolog\u00edas y en Ciencia Pol\u00edtica. <\/em><\/strong><\/p>\n<p><strong><em>Ambas carreras, que contin\u00faan con interesante demanda, se mantuvieron estables, mientras que de manera temporal se ofrecen otras capacitaciones y formaciones.<\/em><\/strong><\/p>\n<p><em>La trayectoria de m\u00e1s de una d\u00e9cada de trabajo, sumada a las posibilidades de formaci\u00f3n que el Instituto ofrece, garantizan su permanencia y la ampliaci\u00f3n de servicios orientados al vasto continente de los educadores.<\/em><\/td>\n<\/tr>\n<\/tbody>\n<\/table>\n","protected":false},"excerpt":{"rendered":"<p>Nuestro Instituto de Formaci\u00f3n Docente comenz\u00f3 a funcionar en el a\u00f1o 2000, con la incorporaci\u00f3n de dos Profesorados para el Nivel Medio: en Tecnolog\u00edas y en Ciencia Pol\u00edtica. Ambas carreras, que contin\u00faan con interesante demanda, se mantuvieron estables, mientras que de manera temporal se ofrecen otras capacitaciones y formaciones. La trayectoria de m\u00e1s de una &#8230; <a title=\"Inicio\" class=\"read-more\" href=\"https:\/\/liceo-lpa.infd.edu.ar\/sitio\/\" aria-label=\"More on Inicio\">[+]<\/a><\/p>\n","protected":false},"author":1,"featured_media":0,"parent":0,"menu_order":0,"comment_status":"closed","ping_status":"closed","template":"","meta":[],"acf":[],"_links":{"self":[{"href":"https:\/\/liceo-lpa.infd.edu.ar\/sitio\/wp-json\/wp\/v2\/pages\/286"}],"collection":[{"href":"https:\/\/liceo-lpa.infd.edu.ar\/sitio\/wp-json\/wp\/v2\/pages"}],"about":[{"href":"https:\/\/liceo-lpa.infd.edu.ar\/sitio\/wp-json\/wp\/v2\/types\/page"}],"author":[{"embeddable":true,"href":"https:\/\/liceo-lpa.infd.edu.ar\/sitio\/wp-json\/wp\/v2\/users\/1"}],"replies":[{"embeddable":true,"href":"https:\/\/liceo-lpa.infd.edu.ar\/sitio\/wp-json\/wp\/v2\/comments?post=286"}],"version-history":[{"count":82,"href":"https:\/\/liceo-lpa.infd.edu.ar\/sitio\/wp-json\/wp\/v2\/pages\/286\/revisions"}],"predecessor-version":[{"id":824,"href":"https:\/\/liceo-lpa.infd.edu.ar\/sitio\/wp-json\/wp\/v2\/pages\/286\/revisions\/824"}],"wp:attachment":[{"href":"https:\/\/liceo-lpa.infd.edu.ar\/sitio\/wp-json\/wp\/v2\/media?parent=286"}],"curies":[{"name":"wp","href":"https:\/\/api.w.org\/{rel}","templated":true}]}}